{"id":36,"date":"2020-06-09T16:25:57","date_gmt":"2020-06-09T14:25:57","guid":{"rendered":"http:\/\/www.enjeuxdenfants.org\/?page_id=36"},"modified":"2021-07-21T10:39:45","modified_gmt":"2021-07-21T08:39:45","slug":"qui-sommes-nous","status":"publish","type":"page","link":"https:\/\/www.enjeuxdenfants.org\/index.php\/qui-sommes-nous\/","title":{"rendered":"Qui sommes nous?"},"content":{"rendered":"\n<p>Enjeux d&rsquo;Enfants Grand Ouest est une association loi 1901, cr\u00e9\u00e9e en 1992, compos\u00e9 d&rsquo;une \u00e9quipe mixte de 25 b\u00e9n\u00e9voles et de 4 salari\u00e9s.<\/p>\n\n\n\n<p>Depuis 27 ans, nous oeuvrons pour les familles confront\u00e9es \u00e0 l\u2019incarc\u00e9ration. Cette s\u00e9paration a un v\u00e9ritable impact sur les liens familiaux. En effet, il peut \u00eatre difficile de continuer \u00e0 entretenir une relation r\u00e9guli\u00e8re. L\u2019isolement, les difficult\u00e9s financi\u00e8res, l\u2019incompr\u00e9hension sont autant de facteurs qui distendent les relations. Cependant, un parent incarc\u00e9r\u00e9 n\u2019en reste pas moins parent avec des droits et des devoirs. D\u2019autant plus que le maintien des liens familiaux est identifi\u00e9 comme meilleur facteur de r\u00e9insertion sociale.<br>Quant \u00e0 l\u2019enfant, qui subit la s\u00e9paration d\u2019avec son parent, il doit \u00eatre au centre des pr\u00e9occupations pour \u00eatre aid\u00e9 \u00e0 grandir avec cette histoire familiale.<br>Les familles d\u2019une personne d\u00e9tenue s\u2019organisent, en grande majorit\u00e9, seules pour que les enfants puissent voir leurs parents. Cependant, dans certains cas, les enfants et leurs parents incarc\u00e9r\u00e9s ne peuvent se voir, faute de personne accompagnatrice, pour cause de conflits entre les parents, ou encore d\u2019\u00e9loignement g\u00e9ographique, etc. C\u2019est donc dans ces circonstances que nous intervenons.<\/p>\n\n\n\n<p>Au regard de la Convention internationale des droits de l\u2019enfant qui pr\u00f4ne le droit de \u00ab<em> \u2026 chaque enfant \u00e0 entretenir des relations personnelles et des contacts directs avec le parent dont il est s\u00e9par\u00e9 <\/em>\u00bb, nous avons fait le choix de placer l\u2019int\u00e9r\u00eat de l\u2019enfant comme priorit\u00e9 de notre intervention, tout en veillant \u00e0 la responsabilisation du parent.<\/p>\n\n\n\n<p><\/p>\n\n\n\n<p>Notre association assure trois missions :<\/p>\n\n\n\n<ul><li><span style=\"color:#7c9e16\" class=\"has-inline-color\">Accompagner les familles concern\u00e9es par l\u2019incarc\u00e9ration.<\/span><\/li><li><span style=\"color:#7c9e16\" class=\"has-inline-color\">Organiser des actions collectives au sein des centres p\u00e9nitentiaires.<\/span><\/li><li><span style=\"color:#7c9e16\" class=\"has-inline-color\">Informer et sensibiliser le grand public sur les impacts de l&rsquo;incarc\u00e9ration sur la vie familiale.<\/span><\/li><\/ul>\n\n\n\n<p><\/p>\n","protected":false},"excerpt":{"rendered":"<p>Enjeux d&rsquo;Enfants Grand Ouest est une association loi 1901, cr\u00e9\u00e9e en 1992, compos\u00e9 d&rsquo;une \u00e9quipe mixte de 25 b\u00e9n\u00e9voles et de 4 salari\u00e9s. Depuis 27 ans, nous oeuvrons pour les familles confront\u00e9es \u00e0 l\u2019incarc\u00e9ration. Cette s\u00e9paration a un v\u00e9ritable impact sur les liens familiaux. En effet, il peut \u00eatre difficile de continuer \u00e0 entretenir une [&hellip;]<\/p>\n","protected":false},"author":1,"featured_media":0,"parent":0,"menu_order":1,"comment_status":"closed","ping_status":"closed","template":"","meta":[],"_links":{"self":[{"href":"https:\/\/www.enjeuxdenfants.org\/index.php\/wp-json\/wp\/v2\/pages\/36"}],"collection":[{"href":"https:\/\/www.enjeuxdenfants.org\/index.php\/wp-json\/wp\/v2\/pages"}],"about":[{"href":"https:\/\/www.enjeuxdenfants.org\/index.php\/wp-json\/wp\/v2\/types\/page"}],"author":[{"embeddable":true,"href":"https:\/\/www.enjeuxdenfants.org\/index.php\/wp-json\/wp\/v2\/users\/1"}],"replies":[{"embeddable":true,"href":"https:\/\/www.enjeuxdenfants.org\/index.php\/wp-json\/wp\/v2\/comments?post=36"}],"version-history":[{"count":10,"href":"https:\/\/www.enjeuxdenfants.org\/index.php\/wp-json\/wp\/v2\/pages\/36\/revisions"}],"predecessor-version":[{"id":333,"href":"https:\/\/www.enjeuxdenfants.org\/index.php\/wp-json\/wp\/v2\/pages\/36\/revisions\/333"}],"wp:attachment":[{"href":"https:\/\/www.enjeuxdenfants.org\/index.php\/wp-json\/wp\/v2\/media?parent=36"}],"curies":[{"name":"wp","href":"https:\/\/api.w.org\/{rel}","templated":true}]}}