{"id":361,"date":"2021-12-09T11:45:19","date_gmt":"2021-12-09T10:45:19","guid":{"rendered":"http:\/\/www.enjeuxdenfants.org\/?page_id=361"},"modified":"2024-04-30T13:14:24","modified_gmt":"2024-04-30T11:14:24","slug":"colloque-enjeux-denfants-a-30-ans","status":"publish","type":"page","link":"https:\/\/www.enjeuxdenfants.org\/index.php\/nos-actions\/nos-actions-pour-les-professionnels-et-le-grand-public\/colloque-enjeux-denfants-a-30-ans\/","title":{"rendered":"COLLOQUE Enjeux d&rsquo;Enfants"},"content":{"rendered":"\n<h2 class=\"has-text-align-center\">30 ANS et toujours d&rsquo;actualit\u00e9 !<\/h2>\n\n\n\n<p>En 2022, l&rsquo;association organisait un colloque exceptionnel. <\/p>\n\n\n\n<p>Aujourd&rsquo;hui, les actes de ce colloque sont publi\u00e9s et sont disponibles \u00e0 la vente au prix de 15\u20ac. <\/p>\n\n\n\n<p>Pour commander, adressez un mail au secr\u00e9tariat de l&rsquo;association qui vous donnera toutes les informations n\u00e9cessaires. <\/p>\n\n\n\n<p><\/p>\n\n\n\n<p><\/p>\n\n\n\n<figure class=\"wp-block-image size-large is-style-default\"><img loading=\"lazy\" width=\"724\" height=\"1024\" src=\"http:\/\/www.enjeuxdenfants.org\/wp-content\/uploads\/2021\/12\/affiche_colloque-724x1024.jpg\" alt=\"\" class=\"wp-image-357\" srcset=\"https:\/\/www.enjeuxdenfants.org\/wp-content\/uploads\/2021\/12\/affiche_colloque-724x1024.jpg 724w, https:\/\/www.enjeuxdenfants.org\/wp-content\/uploads\/2021\/12\/affiche_colloque-212x300.jpg 212w, https:\/\/www.enjeuxdenfants.org\/wp-content\/uploads\/2021\/12\/affiche_colloque-768x1086.jpg 768w, https:\/\/www.enjeuxdenfants.org\/wp-content\/uploads\/2021\/12\/affiche_colloque-1086x1536.jpg 1086w, https:\/\/www.enjeuxdenfants.org\/wp-content\/uploads\/2021\/12\/affiche_colloque-1448x2048.jpg 1448w, https:\/\/www.enjeuxdenfants.org\/wp-content\/uploads\/2021\/12\/affiche_colloque-scaled.jpg 1810w\" sizes=\"(max-width: 724px) 100vw, 724px\" \/><\/figure>\n\n\n\n<p class=\"has-white-color has-text-color\">.<\/p>\n\n\n\n<p class=\"has-white-color has-text-color\">.<\/p>\n\n\n\n<p><strong>Enjeux d&rsquo;Enfants, 30 ans et toujours d&rsquo;actualit\u00e9 !&nbsp;<\/strong><\/p>\n\n\n\n<p>Accompagner la relation parent-enfant pendant l&rsquo;incarc\u00e9ration, pour permettre \u00e0 l&rsquo;enfant de grandir et au parent de &nbsp;se r\u00e9ins\u00e9rer.<\/p>\n\n\n\n<p>Le nombre d\u2019enfants confront\u00e9s \u00e0 l\u2019incarc\u00e9ration d\u2019un parent en Europe est aujourd\u2019hui estim\u00e9 \u00e0 pr\u00e8s d\u2019un million.*<\/p>\n\n\n\n<p>Peu d\u2019\u00e9tudes existent au sujet des cons\u00e9quences de l\u2019incarc\u00e9ration sur la famille. Et pourtant, elles sont multiples et souvent dramatiques, tant sur l\u2019enfant que sur les parents et la sph\u00e8re familiale toute enti\u00e8re : distension ou ruptures fr\u00e9quentes des relations conjugales, familiales et sociales durant la d\u00e9tention, qui viennent s\u2019ajouter aux probl\u00e8mes financiers et pratiques pos\u00e9s notamment par un \u00e9loignement g\u00e9ographique important, difficult\u00e9s de r\u00e9insertion sociale dans les situations d\u2019alternatives \u00e0 l\u2019incarc\u00e9ration ou \u00e0 la sortie\u2026&nbsp;<\/p>\n\n\n\n<p>Ici et l\u00e0, des initiatives ont \u00e9t\u00e9 cr\u00e9\u00e9es au fil des ann\u00e9es, et diff\u00e9rents professionnels contribuent progressivement \u00e0 faire connaitre cette probl\u00e9matique afin de mieux la prendre en compte, de part et d\u2019autre des murs : chercheurs, universitaires, b\u00e9n\u00e9voles&nbsp; et salari\u00e9s associatifs, professionnels de la Protection de l\u2019Enfance, de l\u2019Administration P\u00e9nitentiaire\u2026 L\u2019\u00e9tat des lieux est loin d\u2019\u00eatre satisfaisant, mais la convergence de leurs pr\u00e9occupations permet de poser les questions suivantes&nbsp;:<\/p>\n\n\n\n<ul><li>Comment accompagner au mieux ces enfants, souvent consid\u00e9r\u00e9s comme particuli\u00e8rement vuln\u00e9rables, face \u00e0 cette situation sp\u00e9cifique ?<\/li><li>Comment soutenir l\u2019adulte incarc\u00e9r\u00e9 dans sa fonction parentale, l\u2019aider \u00e0 exercer ses responsabilit\u00e9s dans un cadre contraint ? Et \u00ab l\u2019autre parent \u00bb ? La fratrie ?<\/li><li>Comment, parfois, concilier l\u2019int\u00e9r\u00eat de l\u2019enfant avec les droits et besoins du parent<\/li><li>Comment les partenaires concern\u00e9s peuvent-ils travailler ensemble, dans des positions non id\u00e9ologiques mais respectant les missions de chacun ? Quelles id\u00e9es, quelles initiatives actuelles ou futures, pourraient y participer ?<\/li><\/ul>\n\n\n\n<p>L\u2019association Enjeux d\u2019Enfants est, depuis 1992, convaincue de son r\u00f4le d&rsquo;acteur social, essentiel dans un r\u00e9seau de partenaires travaillant \u00e0 la coh\u00e9sion sociale et \u00e0 la pr\u00e9vention de la r\u00e9cidive. En marge de ses actions de terrain, elle \u0153uvre \u00e0 sensibiliser le plus grand nombre, et \u00e0 alerter les pouvoirs publics \u00e0 propos de ces probl\u00e9matiques courantes et singuli\u00e8res \u00e0 la fois\u2026 Cette journ\u00e9e de colloque se veut donc une contribution suppl\u00e9mentaire, donnant la parole \u00e0 diff\u00e9rents professionnels s\u2019\u00e9tant int\u00e9ress\u00e9s, ou intervenant \u00ab du c\u00f4t\u00e9 de l\u2019enfant \u00bb, et\/ou \u00ab du c\u00f4t\u00e9 du parent \u00bb. Non pour creuser l\u2019\u00e9cart, dans une vision dichotomique r\u00e9ductrice, mais au contraire pour tenter de consid\u00e9rer la question de leurs relations de mani\u00e8re globale et \u00e9clair\u00e9e.<\/p>\n\n\n\n<p><em>*Chiffre issu des donn\u00e9es du site \u00ab&nbsp;Children of prisoners Europe&nbsp;\u00bb ( extrapolation effectu\u00e9e \u00e0 partir d\u2019un \u00e9tude r\u00e9alis\u00e9e en 1999 par l\u2019INSEE.)<\/em><\/p>\n\n\n\n<p class=\"has-white-color has-text-color\">.<\/p>\n\n\n\n<p class=\"has-white-color has-text-color\">.<\/p>\n\n\n\n<div class=\"wp-block-group\"><div class=\"wp-block-group__inner-container\">\n<div class=\"wp-block-columns\">\n<div class=\"wp-block-column\" style=\"flex-basis:100%\">\n<p class=\"has-text-align-center has-text-color has-large-font-size\" style=\"color:#013c0a\"><strong>T\u00e9l\u00e9chargez le programme complet<\/strong> :<\/p>\n\n\n\n<div class=\"wp-block-group\"><div class=\"wp-block-group__inner-container\">\n<div class=\"wp-block-file\"><a href=\"http:\/\/www.enjeuxdenfants.org\/wp-content\/uploads\/2022\/03\/Programme-colloque.pdf\" target=\"_blank\" rel=\"noreferrer noopener\"><br>Programme-colloque<\/a><a href=\"http:\/\/www.enjeuxdenfants.org\/wp-content\/uploads\/2022\/03\/Programme-colloque.pdf\" class=\"wp-block-file__button\" download>T\u00e9l\u00e9charger<\/a><\/div>\n<\/div><\/div>\n\n\n\n<p><\/p>\n<\/div>\n<\/div>\n<\/div><\/div>\n\n\n\n<p class=\"has-white-color has-text-color\">.<\/p>\n\n\n\n<p>La journ\u00e9e sera anim\u00e9e par St\u00e9phane CORBIN, sociologue \u00e0 l&rsquo;universit\u00e9 de Caen.&nbsp;<\/p>\n\n\n\n<p>La journ\u00e9e d\u00e9butera par un caf\u00e9 servi \u00e0 partir de 8h45.<\/p>\n\n\n\n<p><strong>9h15-9h30 : Ouverture de la journ\u00e9e<\/strong><\/p>\n\n\n\n<p><strong>10h =&gt; Table-ronde avec regards crois\u00e9s de professionnels de champs &nbsp;disciplinaires divers sur les th\u00e8me suivants :&nbsp;<\/strong><\/p>\n\n\n\n<ul><li>Le maintien des relations est-il souhaitable (sous quelles conditions)&nbsp;?<\/li><li>L\u2019autorit\u00e9 parentale et d\u00e9tention<\/li><\/ul>\n\n\n\n<p>Avec la participation de Brigitte COURET, psychologue, &nbsp;Jean-Yves DARTIGUENAVE, sociologue, un magistrat (nom \u00e0 confirmer), Jo\u00ebl DIVRY, pr\u00e9sident d&rsquo;Enjeux d&rsquo;Enfants et Lucie BARBOT, directrice d&rsquo;Enjeux d&rsquo;Enfants.&nbsp;<\/p>\n\n\n\n<p><strong>\u00c9change avec la salle.<\/strong><\/p>\n\n\n\n<p><strong>11h45 &#8211; Interlude historique sur Enjeux d&rsquo;Enfants<\/strong><\/p>\n\n\n\n<p><strong>12h30-14h : D\u00e9jeuner libre<\/strong><\/p>\n\n\n\n<p><strong>14h &#8211; Projection d&rsquo;un court-m\u00e9trage consacr\u00e9 \u00e0 notre mission<\/strong><\/p>\n\n\n\n<p><strong>14h30 &#8211; Par la pr\u00e9sentation de nos missions, b\u00e9n\u00e9voles et salari\u00e9es d&rsquo;Enjeux d&rsquo;Enfants d\u00e9tailleront&nbsp; les grandes sp\u00e9cificit\u00e9s d&rsquo;un accompagnement (telles la m\u00e9diation d&rsquo;un parloir, la professionnalisation des b\u00e9n\u00e9voles, etc.).<\/strong><\/p>\n\n\n\n<p>Interventions de nos partenaires de terrain, avec la participation d&rsquo;un Conseiller P\u00e9nitentiaire d&rsquo;Insertion et de Probation, d&rsquo;un travailleur social de la protection de l&rsquo;enfance, un avocat.<\/p>\n\n\n\n<p><strong>\u00c9change avec la salle<\/strong><\/p>\n\n\n\n<p><strong>16h30 &#8211; synth\u00e8se de la journ\u00e9e<\/strong><\/p>\n\n\n\n<p>Les \u00e9changes pourront se poursuivre autour d&rsquo;une collation servie sur place. &nbsp;<\/p>\n\n\n\n<p class=\"has-white-color has-text-color\">.<\/p>\n\n\n\n<p class=\"has-white-color has-text-color\">.<\/p>\n\n\n\n<p class=\"has-white-color has-text-color\">.<\/p>\n\n\n\n<div class=\"wp-block-group\"><div class=\"wp-block-group__inner-container\">\n<p class=\"has-text-align-left\">Et si vous avez des questions, n&rsquo;h\u00e9sitez pas \u00e0 nous contacter : <\/p>\n\n\n\n<ul><li>par mail : secretariat@enjeuxdenfants.org<\/li><li>par t\u00e9l\u00e9phone : 02.99.65.19.19<\/li><li>ou par courrier : Enjeux d&rsquo;Enfants Grand Ouest &#8211; BP 20502 &#8211; 35005 Rennes Cedex<\/li><\/ul>\n<\/div><\/div>\n\n\n\n<p class=\"has-text-align-center has-medium-font-size\"><strong>Nous esp\u00e9rons vous retrouver nombreux lors de cette journ\u00e9e exceptionnelle !<\/strong><\/p>\n","protected":false},"excerpt":{"rendered":"<p>30 ANS et toujours d&rsquo;actualit\u00e9 ! En 2022, l&rsquo;association organisait un colloque exceptionnel. Aujourd&rsquo;hui, les actes de ce colloque sont publi\u00e9s et sont disponibles \u00e0 la vente au prix de 15\u20ac. Pour commander, adressez un mail au secr\u00e9tariat de l&rsquo;association qui vous donnera toutes les informations n\u00e9cessaires. . . Enjeux d&rsquo;Enfants, 30 ans et toujours [&hellip;]<\/p>\n","protected":false},"author":1,"featured_media":0,"parent":203,"menu_order":0,"comment_status":"closed","ping_status":"closed","template":"","meta":[],"_links":{"self":[{"href":"https:\/\/www.enjeuxdenfants.org\/index.php\/wp-json\/wp\/v2\/pages\/361"}],"collection":[{"href":"https:\/\/www.enjeuxdenfants.org\/index.php\/wp-json\/wp\/v2\/pages"}],"about":[{"href":"https:\/\/www.enjeuxdenfants.org\/index.php\/wp-json\/wp\/v2\/types\/page"}],"author":[{"embeddable":true,"href":"https:\/\/www.enjeuxdenfants.org\/index.php\/wp-json\/wp\/v2\/users\/1"}],"replies":[{"embeddable":true,"href":"https:\/\/www.enjeuxdenfants.org\/index.php\/wp-json\/wp\/v2\/comments?post=361"}],"version-history":[{"count":7,"href":"https:\/\/www.enjeuxdenfants.org\/index.php\/wp-json\/wp\/v2\/pages\/361\/revisions"}],"predecessor-version":[{"id":515,"href":"https:\/\/www.enjeuxdenfants.org\/index.php\/wp-json\/wp\/v2\/pages\/361\/revisions\/515"}],"up":[{"embeddable":true,"href":"https:\/\/www.enjeuxdenfants.org\/index.php\/wp-json\/wp\/v2\/pages\/203"}],"wp:attachment":[{"href":"https:\/\/www.enjeuxdenfants.org\/index.php\/wp-json\/wp\/v2\/media?parent=361"}],"curies":[{"name":"wp","href":"https:\/\/api.w.org\/{rel}","templated":true}]}}